{"id":325,"date":"2011-10-21T14:24:34","date_gmt":"2011-10-21T12:24:34","guid":{"rendered":"https:\/?page_id=325"},"modified":"2025-07-24T10:15:27","modified_gmt":"2025-07-24T08:15:27","slug":"mentions-legales","status":"publish","type":"page","link":"https:\/\/kalitec.fr\/?page_id=325","title":{"rendered":"Mentions l\u00e9gales"},"content":{"rendered":"<p><strong>Conception graphique : <\/strong><a href=\"mailto:pauline.redoules@orange.fr\">Pauline Redoul\u00e8s<\/a><\/p>\n<p><strong>Conception : <\/strong><a title=\"Agence Web Toulouse\" href=\"http:\/\/www.occi-tech.com\/\" target=\"_blank\" rel=\"noopener\">Occitech<\/a><\/p>\n<p>L&rsquo;acc\u00e8s et l&rsquo;utilisation de ce site sont soumis aux conditions suivantes ainsi qu&rsquo;aux dispositions l\u00e9gales en vigueur. En acc\u00e9dant et naviguant sur ce site, vous acceptez, sans limitations ni r\u00e9serves, ces conditions et vous reconnaissez qu&rsquo;elles pr\u00e9valent sur tous autres accords \u00e9ventuels entre nous.<\/p>\n<p><strong>Editeur :<\/strong><\/p>\n<p>Le pr\u00e9sent site est la propri\u00e9t\u00e9 de Kalitec, 7, rue ZA Ribaute, 31130, QUINT-FONSEGRIVES.<\/p>\n<p>RCS de TOULOUSE sous le Num\u00e9ro B 524698206 &#8211; SIRET N\u00b0 524 698 206 00025<\/p>\n<p>Le directeur de la publication du site internet est Monsieur Herv\u00e9 Meric en qualit\u00e9 de Pr\u00e9sident de Kalitec.<\/p>\n<p><strong>Contact :<\/strong><\/p>\n<p>Num\u00e9ro de t\u00e9l\u00e9phone : 05 62 18 78 58<\/p>\n<p>E-mail : <a href=\"mailto:kalitec@\">kalitec@kalitec.fr<\/a><\/p>\n<p><strong>H\u00e9bergeur : <\/strong>Orange<\/p>\n<p><strong>1.<\/strong> Vous pouvez t\u00e9l\u00e9charger, afficher ou imprimer les donn\u00e9es de ce site (ci-apr\u00e8s \u00a0\u00bb les Donn\u00e9es\u00a0\u00bb) uniquement pour un usage priv\u00e9 et non commercial.<\/p>\n<p><strong>2.<\/strong> Vous devez conserver et recopier chaque indication de copyright ou de droit de propri\u00e9t\u00e9 intellectuelle mentionn\u00e9e dans toute donn\u00e9e que vous t\u00e9l\u00e9chargez.<\/p>\n<p>Cependant, vous n&rsquo;\u00eates pas autoris\u00e9s \u00e0 modifier, transmettre, utiliser, r\u00e9utiliser, r\u00e9afficher le contenu du site \u00e0 des fins publiques ou commerciales, y compris les textes, images, supports sonores ou vid\u00e9o sans l&rsquo;autorisation pr\u00e9alable \u00e9crite de Kalitec.<\/p>\n<p>Il est entendu que tout ce qui figure sur ce site est, sauf indication contraire, pr\u00e9sum\u00e9 prot\u00e9g\u00e9 par copyright, et ne pourra \u00eatre utilis\u00e9 en dehors des pr\u00e9sentes Conditions et de celles sp\u00e9cifiques au site sans l&rsquo;autorisation pr\u00e9alable \u00e9crite de Kalitec.<\/p>\n<p>Kalitec ne peut garantir que l&rsquo;utilisation que vous faites des donn\u00e9es apparaissant sur le site ne contrefait aucun droit des tiers.<\/p>\n<p><strong>3.<\/strong> A l&rsquo;exception de l&rsquo;autorisation limit\u00e9e r\u00e9sultant des pr\u00e9sentes conditions, aucune licence ni aucun droit de copyright de Kalitec ou d\u2019un tiers, ne vous sont accord\u00e9s.<\/p>\n<p><strong>4.<\/strong> Les sites de Kalitec peuvent contenir ou r\u00e9f\u00e9rencer des marques d\u00e9pos\u00e9es, brevets, donn\u00e9es priv\u00e9es, technologies, produits, process, ou autres droits de Kalitec et\/ou de tiers.<\/p>\n<p>Aucune licence ni droit portant sur l&rsquo;un quelconque de ceux-ci ou d\u2019autres droits ne vous sont accord\u00e9s.<\/p>\n<p><strong>5.<\/strong> Bien que Kalitec fasse tous ses efforts pour diffuser des informations exactes et \u00e0 jour sur le site, elle ne donne aucune garantie quant au contenu du site, qui est fourni en l&rsquo;\u00e9tat.<\/p>\n<p>Elle n&rsquo;encourt aucune responsabilit\u00e9 quelle qu&rsquo;elle soit provenant ou en rapport avec l&rsquo;utilisation de ce site ou de son contenu.<\/p>\n<p>En particulier, Kalitec n&rsquo;est pas responsable de l&rsquo;exactitude, l&rsquo;exhaustivit\u00e9, la conformit\u00e9, la ponctualit\u00e9 des donn\u00e9es contenues sur le site.<\/p>\n<p>Certains pays refusent l&rsquo;exclusion de garantie ; dans ce seul cas, l&rsquo;exclusion ne s&rsquo;applique pas \u00e0 vous.<\/p>\n<p>Kalitec n&rsquo;encourt pas non plus de responsabilit\u00e9, et ne pourra \u00eatre recherch\u00e9e pour tout dommage ou virus qui pourrait endommager votre \u00e9quipement informatique ou du fait de l&rsquo;acc\u00e8s, utilisation ou navigation sur le site ou t\u00e9l\u00e9chargement de toute donn\u00e9e, information, texte, image, vid\u00e9o ou son. Kalitec se r\u00e9serve le droit d\u2019interrompre ou de suspendre tout ou partie des fonctionnalit\u00e9s du site.<\/p>\n<p>Kalitec n&rsquo;accepte aucune responsabilit\u00e9 de quelque sorte que ce soit pour toute interruption ou suspension de tout ou partie des fonctionnalit\u00e9s de son site, qu&rsquo;elle soit le r\u00e9sultat d\u2019action ou d\u2019omission d\u2019une entit\u00e9 du Groupe Kalitec ou d\u2019un tiers.<\/p>\n<p><strong>6.<\/strong> Kalitec est libre d\u2019utiliser toute id\u00e9e, concept, savoir-faire, ou technique contenue dans toute communication que vous adressez au site pour quelque usage que ce soit, y compris et sans que cela soit limitatif, le d\u00e9veloppement, la fabrication et le marketing de produits utilisant ces Donn\u00e9es.<\/p>\n<p><strong>7.<\/strong> Les Donn\u00e9es peuvent comporter des inexactitudes techniques ou des fautes de frappe. Kalitec en tant que titulaire de ce site, se r\u00e9serve le droit d\u2019effectuer des modifications, corrections et\/ou am\u00e9liorations sur les Donn\u00e9es, les produits et les programmes d\u00e9crits, \u00e0 tout moment et sans pr\u00e9avis.<\/p>\n<p><strong>8.<\/strong> Les site Internet Kalitec comporte des Donn\u00e9es portant sur l&rsquo;ensemble de ses produits et de ses services dans le monde, \u00e9tant pr\u00e9cis\u00e9 que certains d\u2019entre eux ne sont pas disponibles partout.<\/p>\n<p>La mention d\u2019un produit ou service sur le site Internet Kalitec n&rsquo;implique pas que ce produit ou service est ou sera disponible dans votre pays.<\/p>\n<p><strong>9.<\/strong> Kalitec n&rsquo;ayant ni le contr\u00f4le, ni la propri\u00e9t\u00e9 des sites auxquels le site Kalitec est li\u00e9, et n&rsquo;ayant pu s&rsquo;assurer du contenu de ces sites, vous reconnaissez que Kalitec n&rsquo;est pas responsable du contenu des pages \u00a0\u00bb off-site \u00ab\u00a0, ni des autres sites auxquels le site Kalitec est li\u00e9. Toute liaison avec le site Kalitec, avec les pages \u00a0\u00bb off-site \u00a0\u00bb ou avec les autres sites, s&rsquo;effectue sous votre seule responsabilit\u00e9 et sans l&rsquo;autorisation de Kalitec.<\/p>\n<p><strong>10.<\/strong> Bien que Kalitec puisse occasionnellement animer ou valider les discussions, entretiens, envois, transmissions, sommaires et autres sur son site, elle n&rsquo;est pas tenue de le faire et n&rsquo;assume aucune responsabilit\u00e9 de ce fait \u00e0 raison d\u2019\u00e9ventuels manquements, erreurs ou infractions de quelque nature que ce soit dans le contenu ou provenant de telles donn\u00e9es.<\/p>\n<p>Il vous est interdit d\u2019adresser ou de transmettre toute donn\u00e9e constituant un manquement ou une infraction ou pouvant inciter \u00e0 un comportement susceptible d\u2019enfreindre la loi et d\u2019entra\u00eener la responsabilit\u00e9 p\u00e9nale et civile de son auteur.<\/p>\n<p>Kalitec coop\u00e9rera \u00e9troitement avec les autorit\u00e9s comp\u00e9tentes qui demanderaient communication de l&rsquo;identit\u00e9 de la personne \u00e0 l&rsquo;origine de telles donn\u00e9es ou produits.<\/p>\n<p><strong>11.<\/strong> Kalitec peut \u00e0 tout moment modifier les pr\u00e9sentes conditions en les mettant \u00e0 jour. Vous \u00eates tenu de respecter ces modifications et devez, de ce fait, vous reporter p\u00e9riodiquement \u00e0 cette page pour conna\u00eetre les conditions mises \u00e0 jour.<\/p>\n<p><strong>12.<\/strong> Des liens avec le site Kalitec sont exclusivement autoris\u00e9s pour la page d\u2019accueil .<\/p>\n<p>Les liens hyper-texte ne sont pas autoris\u00e9s sans le consentement pr\u00e9alable \u00e9crit de Kalitec.<\/p>\n<p><strong>13.<\/strong> L&rsquo;utilisation du site Kalitec par des sites ou des \u00e9l\u00e9ments de sites de tiers, n&rsquo;est pas autoris\u00e9e.<\/p>\n<p>Les liens \u00a0\u00bb in-line \u00a0\u00bb ou tout autre proc\u00e9d\u00e9 visant \u00e0 int\u00e9grer des parties de ce site sur des sites de tiers sont \u00e9galement interdits.<\/p>\n","protected":false},"excerpt":{"rendered":"<p>Conception graphique : Pauline Redoul\u00e8s Conception : Occitech L&rsquo;acc\u00e8s et l&rsquo;utilisation de ce site sont [&hellip;]<\/p>\n","protected":false},"author":1,"featured_media":0,"parent":0,"menu_order":0,"comment_status":"open","ping_status":"open","template":"template-mentions-legales.php","meta":{"_acf_changed":false,"footnotes":""},"class_list":["post-325","page","type-page","status-publish","hentry"],"acf":[],"_links":{"self":[{"href":"https:\/\/kalitec.fr\/index.php?rest_route=\/wp\/v2\/pages\/325","targetHints":{"allow":["GET"]}}],"collection":[{"href":"https:\/\/kalitec.fr\/index.php?rest_route=\/wp\/v2\/pages"}],"about":[{"href":"https:\/\/kalitec.fr\/index.php?rest_route=\/wp\/v2\/types\/page"}],"author":[{"embeddable":true,"href":"https:\/\/kalitec.fr\/index.php?rest_route=\/wp\/v2\/users\/1"}],"replies":[{"embeddable":true,"href":"https:\/\/kalitec.fr\/index.php?rest_route=%2Fwp%2Fv2%2Fcomments&post=325"}],"version-history":[{"count":12,"href":"https:\/\/kalitec.fr\/index.php?rest_route=\/wp\/v2\/pages\/325\/revisions"}],"predecessor-version":[{"id":1036,"href":"https:\/\/kalitec.fr\/index.php?rest_route=\/wp\/v2\/pages\/325\/revisions\/1036"}],"wp:attachment":[{"href":"https:\/\/kalitec.fr\/index.php?rest_route=%2Fwp%2Fv2%2Fmedia&parent=325"}],"curies":[{"name":"wp","href":"https:\/\/api.w.org\/{rel}","templated":true}]}}