{"id":15,"date":"2011-10-18T08:51:21","date_gmt":"2011-10-18T08:51:21","guid":{"rendered":"https:\/?page_id=15"},"modified":"2011-10-26T15:59:18","modified_gmt":"2011-10-26T13:59:18","slug":"references","status":"publish","type":"page","link":"https:\/\/kalitec.fr\/?page_id=15","title":{"rendered":"R\u00e9f\u00e9rences"},"content":{"rendered":"<p>Fa\u00eetes votre s\u00e9lection selon le domaine d&rsquo;activit\u00e9 concern\u00e9<\/p>\n","protected":false},"excerpt":{"rendered":"<p>Fa\u00eetes votre s\u00e9lection selon le domaine d&rsquo;activit\u00e9 concern\u00e9<\/p>\n","protected":false},"author":1,"featured_media":0,"parent":0,"menu_order":0,"comment_status":"open","ping_status":"open","template":"template-refer.php","meta":{"_acf_changed":false,"footnotes":""},"class_list":["post-15","page","type-page","status-publish","hentry"],"acf":[],"_links":{"self":[{"href":"https:\/\/kalitec.fr\/index.php?rest_route=\/wp\/v2\/pages\/15","targetHints":{"allow":["GET"]}}],"collection":[{"href":"https:\/\/kalitec.fr\/index.php?rest_route=\/wp\/v2\/pages"}],"about":[{"href":"https:\/\/kalitec.fr\/index.php?rest_route=\/wp\/v2\/types\/page"}],"author":[{"embeddable":true,"href":"https:\/\/kalitec.fr\/index.php?rest_route=\/wp\/v2\/users\/1"}],"replies":[{"embeddable":true,"href":"https:\/\/kalitec.fr\/index.php?rest_route=%2Fwp%2Fv2%2Fcomments&post=15"}],"version-history":[{"count":7,"href":"https:\/\/kalitec.fr\/index.php?rest_route=\/wp\/v2\/pages\/15\/revisions"}],"predecessor-version":[{"id":402,"href":"https:\/\/kalitec.fr\/index.php?rest_route=\/wp\/v2\/pages\/15\/revisions\/402"}],"wp:attachment":[{"href":"https:\/\/kalitec.fr\/index.php?rest_route=%2Fwp%2Fv2%2Fmedia&parent=15"}],"curies":[{"name":"wp","href":"https:\/\/api.w.org\/{rel}","templated":true}]}}